{"id":2018,"date":"2026-01-23T15:39:10","date_gmt":"2026-01-23T14:39:10","guid":{"rendered":"https:\/\/www.lehameaudespins.fr\/tourisme-var\/"},"modified":"2026-04-20T09:55:54","modified_gmt":"2026-04-20T07:55:54","slug":"var-tourism","status":"publish","type":"page","link":"https:\/\/www.lehameaudespins.fr\/en\/var-tourism\/","title":{"rendered":"What to see"},"content":{"rendered":"\n<section class=\"wp-block-group alignfull bienvenue page-one has-background has-global-padding is-layout-constrained wp-container-core-group-is-layout-2877fcb1 wp-block-group-is-layout-constrained\" style=\"border-radius:0px;background-color:rgba(255,255,255,1);margin-top:0px;margin-right:0px;margin-bottom:0px;margin-left:0px;padding-top:var(--wp--preset--spacing--60);padding-right:0px;padding-bottom:var(--wp--preset--spacing--60);padding-left:0px\">\n<div class=\"wp-block-columns is-layout-flex wp-container-core-columns-is-layout-6e7d8bb3 wp-block-columns-is-layout-flex\" style=\"margin-top:0;margin-bottom:0\">\n<div class=\"wp-block-column is-vertically-aligned-top is-layout-flow wp-block-column-is-layout-flow\" style=\"flex-basis:33%\">\n<div class=\"wp-block-group has-global-padding is-content-justification-left is-layout-constrained wp-container-core-group-is-layout-09a39926 wp-block-group-is-layout-constrained\" style=\"margin-top:0px;margin-right:0px;margin-bottom:0px;margin-left:3px\">\n<h1 class=\"wp-block-heading has-text-align-left full-width has-lt-remark-font-family has-custom-color-1-color has-text-color\" style=\"margin-top:0px;margin-right:0px;margin-bottom:0px;margin-left:0px;font-size:clamp(35.641px, 2.228rem + ((1vw - 3.2px) * 2.387), 65px);font-style:normal;font-weight:400;line-height:1.0\"><strong>Discover the Var<\/strong> <br\/>and its must-see attractions<\/h1>\n\n\n\n<div class=\"wp-block-group is-layout-flow wp-block-group-is-layout-flow\" style=\"padding-top:1.5rem;padding-right:var(--wp--preset--spacing--40)\">\n<p class=\"has-text-align-left paragraph has-text-color has-lt-remark-font-family\" style=\"color:rgba(52,56,53,1);margin-top:0px;margin-right:0px;margin-bottom:0px;margin-left:0px;padding-top:0rem;padding-right:0;font-size:clamp(14px, 0.875rem + ((1vw - 3.2px) * 0.488), 20px);font-style:normal;font-weight:400;line-height:1.7\">Between sea, hills and picturesque villages, the Var reveals a diversity of landscapes among the most beautiful in Provence. Whether you&#8217;re planning a few days&#8217; getaway or a longer stay, there&#8217;s plenty to do in and around <strong>La Crau<\/strong>. <\/p>\n\n\n\n<p class=\"has-text-align-left paragraph has-text-color has-lt-remark-font-family\" style=\"color:rgba(52,56,53,1);margin-top:0px;margin-right:0px;margin-bottom:0px;margin-left:0px;padding-top:0rem;padding-right:0;font-size:clamp(14px, 0.875rem + ((1vw - 3.2px) * 0.488), 20px);font-style:normal;font-weight:400;line-height:1.7\">The Var offers a wealth of unforgettable experiences to discover during your <a href=\"https:\/\/www.lehameaudespins.fr\/en\/\">camping vacation at La Crau<\/a>, with its <strong>unspoilt<\/strong> <strong>natural<\/strong> <strong>sites<\/strong>, <strong>historic heritage<\/strong> and <strong>gentle<\/strong> <strong>Mediterranean lifestyle<\/strong>.<\/p>\n\n\n\n<p class=\"has-text-align-left paragraph has-text-color has-lt-remark-font-family\" style=\"color:rgba(52,56,53,1);margin-top:0px;margin-right:0px;margin-bottom:0px;margin-left:0px;padding-top:var(--wp--preset--spacing--20);padding-right:0;padding-bottom:0px;font-size:clamp(14px, 0.875rem + ((1vw - 3.2px) * 0.488), 20px);font-style:normal;font-weight:400;line-height:1.7\">Our favorites:<\/p>\n<\/div>\n\n\n\n<ul style=\"margin-top:0px;padding-left:var(--wp--preset--spacing--30)\" class=\"wp-block-list\">\n<li>Port Cros and Porquerolles National Park from Giens (15min from campsite)<\/li>\n\n\n\n<li>Walking tour of the ruins of the Ch\u00e2teau de Hy\u00e8res with a panoramic view of Hy\u00e8res and the surrounding area<\/li>\n<\/ul>\n\n\n\n<p class=\"h2-like has-custom-color-2-color has-text-color has-link-color has-lt-remark-font-family wp-elements-5d05dc1c067fe71c6cd40afab9c67127\" style=\"margin-top:0;margin-bottom:0;padding-top:var(--wp--preset--spacing--40);font-size:clamp(43.728px, 2.733rem + ((1vw - 3.2px) * 3.274), 84px);line-height:1\">The Var&#8230;<br\/><strong>is waiting for you&#8230;<\/strong><\/p>\n<\/div>\n<\/div>\n\n\n\n<div class=\"wp-block-column is-vertically-aligned-center is-layout-flow wp-block-column-is-layout-flow\" style=\"flex-basis:33%\">\n<figure class=\"wp-block-image size-full is-resized has-custom-border animated fadeIn delay-200ms\"><img decoding=\"async\" width=\"683\" height=\"1024\" src=\"https:\/\/www.lehameaudespins.fr\/wp-content\/uploads\/sites\/6\/2026\/02\/plage-toulon.jpg\" alt=\"beach toulon\" class=\"wp-image-1869\" style=\"border-top-left-radius:292px;border-bottom-right-radius:292px;object-fit:cover;width:584px;height:964px\" srcset=\"https:\/\/www.lehameaudespins.fr\/wp-content\/uploads\/sites\/6\/2026\/02\/plage-toulon.jpg 683w, https:\/\/www.lehameaudespins.fr\/wp-content\/uploads\/sites\/6\/2026\/02\/plage-toulon-200x300.jpg 200w\" sizes=\"(max-width: 683px) 100vw, 683px\" \/><\/figure>\n<\/div>\n\n\n\n<div class=\"wp-block-column is-layout-flow wp-block-column-is-layout-flow\" style=\"flex-basis:33%\">\n<figure class=\"wp-block-image size-full is-resized has-custom-border animated fadeIn delay-100ms\"><img decoding=\"async\" width=\"768\" height=\"952\" src=\"https:\/\/www.lehameaudespins.fr\/wp-content\/uploads\/sites\/6\/2026\/02\/visites-a-la-crau.jpg\" alt=\"visits la crau\" class=\"wp-image-1462\" style=\"border-top-left-radius:316px;border-bottom-right-radius:0px;object-fit:cover;width:630px;height:877px\" srcset=\"https:\/\/www.lehameaudespins.fr\/wp-content\/uploads\/sites\/6\/2026\/02\/visites-a-la-crau.jpg 768w, https:\/\/www.lehameaudespins.fr\/wp-content\/uploads\/sites\/6\/2026\/02\/visites-a-la-crau-242x300.jpg 242w\" sizes=\"(max-width: 768px) 100vw, 768px\" \/><\/figure>\n<\/div>\n<\/div>\n<\/section>\n\n<section class=\"wp-block-group piscine page-two is-layout-flow wp-block-group-is-layout-flow\" style=\"padding-top:var(--wp--preset--spacing--60);padding-bottom:var(--wp--preset--spacing--60)\">\n<div class=\"wp-block-columns is-layout-flex wp-container-core-columns-is-layout-28f84493 wp-block-columns-is-layout-flex\">\n<div class=\"wp-block-column is-layout-flow wp-block-column-is-layout-flow\">\n<div class=\"wp-block-group right animated fadeIn delay-200ms has-custom-color-4-background-color has-background is-layout-flow wp-block-group-is-layout-flow\" style=\"border-top-right-radius:366px;border-bottom-left-radius:366px;padding-top:7rem;padding-right:7rem;padding-bottom:7rem;padding-left:7rem\">\n<h2 class=\"wp-block-heading\" style=\"border-bottom-color:var(--wp--preset--color--custom-color-1);border-bottom-width:1px;padding-bottom:var(--wp--preset--spacing--20);line-height:1.1\"><strong>The most beautiful towns<\/strong> in the Var<\/h2>\n\n\n\n<div class=\"wp-block-group is-layout-flow wp-block-group-is-layout-flow\">\n<p>When <strong>visiting La Crau<\/strong>, be sure to explore the emblematic towns <strong>in the Var<\/strong>, each revealing a strong identity. <strong>Hy\u00e8res<\/strong>, &#8220;the city of palm trees&#8221;, seduces with its medieval heart and the paradise-like landscapes of the \u00celes d&#8217;Or.<\/p>\n\n\n\n<p><strong>Toulon<\/strong> charms with its grandiose harbor, museums and cable car to Mont Faron. <a href=\"https:\/\/www.bormeslesmimosas.com\/\" target=\"_blank\" rel=\"noreferrer noopener nofollow\">Bormes-les-Mimosas<\/a>, one of France&#8217;s most beautiful villages in bloom, offers a typically Provencal atmosphere. <strong>Saint-Tropez<\/strong> combines glamour, history and authentic alleyways.<\/p>\n\n\n\n<p>And let&#8217;s not forget <strong>Sanary-sur-Mer<\/strong>, already an award-winner for its Provencal market, <strong>Le Lavandou<\/strong> or <strong>Collobri\u00e8res<\/strong>, nestled in the heart of the Massif des Maures. Each of these towns reveals a bright and fascinating facet of the Var. <\/p>\n<\/div>\n<\/div>\n<\/div>\n\n\n\n<div class=\"wp-block-column is-layout-flow wp-block-column-is-layout-flow\">\n<figure class=\"wp-block-image size-large\"><img decoding=\"async\" width=\"250\" height=\"171\" src=\"http:\/\/www.lehameaudespins.fr\/wp-content\/uploads\/sites\/6\/2026\/01\/Pin-1.svg\" alt=\"Pine\" class=\"wp-image-52\"\/><\/figure>\n<\/div>\n<\/div>\n\n\n\n<div data-swiper=\"{&quot;speed&quot;:1000,&quot;autoplay&quot;:{&quot;delay&quot;:5000,&quot;disableOnInteraction&quot;:false},&quot;spaceBetween&quot;:0,&quot;slidesPerView&quot;:1,&quot;pagination&quot;:{&quot;el&quot;:&quot;.swiper-pagination&quot;,&quot;dynamicBullets&quot;:true,&quot;clickable&quot;:true,&quot;type&quot;:&quot;bullets&quot;},&quot;navigation&quot;:{&quot;nextEl&quot;:&quot;.swiper-button-next&quot;,&quot;prevEl&quot;:&quot;.swiper-button-prev&quot;},&quot;breakpoints&quot;:[{&quot;slidesPerView&quot;:1}]}\" class=\"wp-block-cover has-parallax\" style=\"min-height:934px;aspect-ratio:unset;\"><div role=\"img\" aria-label=\"les plus belles villes du var\" class=\"wp-block-cover__image-background wp-image-1467 size-full has-parallax\" style=\"background-position:50% 50%;background-image:url(https:\/\/www.lehameaudespins.fr\/wp-content\/uploads\/sites\/6\/2026\/02\/les-plus-belles-villes-du-var.jpg)\"><\/div><span aria-hidden=\"true\" class=\"wp-block-cover__background has-background-dim-0 has-background-dim\" style=\"background-color:#646e72\"><\/span><div class=\"wp-block-cover__inner-container has-global-padding is-layout-constrained wp-block-cover-is-layout-constrained\">\n<p class=\"has-text-align-center has-large-font-size\"><\/p>\n<\/div><\/div>\n<\/section>\n\n<section class=\"wp-block-group faq page-three is-layout-flow wp-block-group-is-layout-flow\" style=\"padding-top:0;padding-right:var(--wp--preset--spacing--50);padding-bottom:0;padding-left:var(--wp--preset--spacing--50)\">\n<div class=\"wp-block-columns is-layout-flex wp-container-core-columns-is-layout-7fc3d43a wp-block-columns-is-layout-flex\">\n<div class=\"wp-block-column is-vertically-aligned-center is-layout-flow wp-block-column-is-layout-flow\">\n<h2 class=\"wp-block-heading page-three\" style=\"border-bottom-color:var(--wp--preset--color--custom-color-1);border-bottom-width:1px;padding-bottom:var(--wp--preset--spacing--20)\"><strong>Must-sees<\/strong><\/h2>\n\n\n\n<div class=\"wp-block-group is-layout-flow wp-block-group-is-layout-flow\" style=\"padding-top:var(--wp--preset--spacing--20)\">\n<p style=\"padding-top:0\">When you <strong>visit La Crau<\/strong>, the Var region is packed with some of the most beautiful sites in <a href=\"https:\/\/www.provencemed.com\/\" target=\"_blank\" rel=\"noreferrer noopener nofollow\">Provence<\/a>. The <strong>\u00celes d&#8217;Hy\u00e8res<\/strong> &#8211; Porquerolles, Port-Cros and Le Levant &#8211; offer heavenly beaches and unspoilt nature. <\/p>\n\n\n\n<p style=\"padding-top:0\">The <strong>Massif des Maures<\/strong>, a veritable green lung, invites you to hike and enjoy exceptional panoramas. The <strong>Fort de Br\u00e9gan\u00e7on<\/strong>, a historic landmark, elegantly overlooks the sea. <\/p>\n\n\n\n<p style=\"padding-top:0\">Other must-sees include the Corniche des Cr\u00eates, hilltop villages such as Le Castellet and Seillans, famous wine estates, the <strong>Verdon gorges <\/strong>and the beaches of Le Lavandou.<\/p>\n\n\n\n<p style=\"padding-top:0\">Each location reveals the incomparable beauty of the Var, between sea, mountains and Provencal traditions.<\/p>\n\n\n\n<p style=\"margin-bottom:0px;padding-top:0\">The most beautiful beaches :<\/p>\n\n\n\n<ul style=\"margin-top:0px;padding-left:var(--wp--preset--spacing--30)\" class=\"wp-block-list\">\n<li>L&#8217;Almanarre in Hy\u00e8res<\/li>\n\n\n\n<li>La badine at Giens<\/li>\n\n\n\n<li>L&#8217;Estagnol in Bormes Les Mimosas<\/li>\n\n\n\n<li>Les Pesquiers in Hy\u00e8res<\/li>\n<\/ul>\n<\/div>\n<\/div>\n\n\n\n<div class=\"wp-block-column right is-layout-flow wp-block-column-is-layout-flow\">\n<div data-swiper=\"{&quot;speed&quot;:400,&quot;spaceBetween&quot;:50,&quot;slidesPerView&quot;:1,&quot;createElements&quot;:true,&quot;loop&quot;:true,&quot;freemode&quot;:true,&quot;pagination&quot;:{&quot;el&quot;:&quot;.swiper-pagination&quot;,&quot;dynamicBullets&quot;:true},&quot;breakpoints&quot;:[{&quot;slidesPerView&quot;:1}],&quot;navigation&quot;:false,&quot;autoplay&quot;:{&quot;delay&quot;:3000}}\" class=\"wp-block-group gt-is-slider gt-is-slider-desktop is-layout-flow wp-block-group-is-layout-flow\">\n<figure class=\"wp-block-image size-full has-custom-border\"><img decoding=\"async\" width=\"1000\" height=\"904\" src=\"https:\/\/www.lehameaudespins.fr\/wp-content\/uploads\/sites\/6\/2026\/02\/iles-d-hyeres-var.jpg\" alt=\"iles d hyeres\" class=\"wp-image-1880\" style=\"border-top-left-radius:290px;border-bottom-right-radius:290px\" srcset=\"https:\/\/www.lehameaudespins.fr\/wp-content\/uploads\/sites\/6\/2026\/02\/iles-d-hyeres-var.jpg 1000w, https:\/\/www.lehameaudespins.fr\/wp-content\/uploads\/sites\/6\/2026\/02\/iles-d-hyeres-var-300x271.jpg 300w, https:\/\/www.lehameaudespins.fr\/wp-content\/uploads\/sites\/6\/2026\/02\/iles-d-hyeres-var-768x694.jpg 768w\" sizes=\"(max-width: 1000px) 100vw, 1000px\" \/><\/figure>\n\n\n\n<figure class=\"wp-block-image size-full has-custom-border\"><img decoding=\"async\" width=\"1000\" height=\"904\" src=\"https:\/\/www.lehameaudespins.fr\/wp-content\/uploads\/sites\/6\/2026\/02\/fort-de-bregancon-var.jpg\" alt=\"fort de bregancon\" class=\"wp-image-1882\" style=\"border-top-left-radius:290px;border-bottom-right-radius:290px\" srcset=\"https:\/\/www.lehameaudespins.fr\/wp-content\/uploads\/sites\/6\/2026\/02\/fort-de-bregancon-var.jpg 1000w, https:\/\/www.lehameaudespins.fr\/wp-content\/uploads\/sites\/6\/2026\/02\/fort-de-bregancon-var-300x271.jpg 300w, https:\/\/www.lehameaudespins.fr\/wp-content\/uploads\/sites\/6\/2026\/02\/fort-de-bregancon-var-768x694.jpg 768w\" sizes=\"(max-width: 1000px) 100vw, 1000px\" \/><\/figure>\n\n\n\n<figure class=\"wp-block-image size-full has-custom-border\"><img decoding=\"async\" width=\"1000\" height=\"904\" src=\"https:\/\/www.lehameaudespins.fr\/wp-content\/uploads\/sites\/6\/2026\/02\/gorges-du-verdon-var.jpg\" alt=\"gorges du verdon\" class=\"wp-image-1884\" style=\"border-top-left-radius:290px;border-bottom-right-radius:290px\" srcset=\"https:\/\/www.lehameaudespins.fr\/wp-content\/uploads\/sites\/6\/2026\/02\/gorges-du-verdon-var.jpg 1000w, https:\/\/www.lehameaudespins.fr\/wp-content\/uploads\/sites\/6\/2026\/02\/gorges-du-verdon-var-300x271.jpg 300w, https:\/\/www.lehameaudespins.fr\/wp-content\/uploads\/sites\/6\/2026\/02\/gorges-du-verdon-var-768x694.jpg 768w\" sizes=\"(max-width: 1000px) 100vw, 1000px\" \/><\/figure>\n<\/div>\n<\/div>\n<\/div>\n<\/section>\n\n<section class=\"wp-block-group page-maillage has-global-padding is-layout-constrained wp-block-group-is-layout-constrained\" style=\"padding-top:var(--wp--preset--spacing--40);padding-bottom:var(--wp--preset--spacing--60)\">\n<p class=\"h2-like has-custom-color-1-color has-text-color has-link-color has-lt-remark-font-family wp-elements-27acf42f99ba81d6bd2fa3024e9e5939\" style=\"margin-top:0;margin-bottom:0;padding-top:var(--wp--preset--spacing--40);padding-bottom:var(--wp--preset--spacing--40);font-size:clamp(43.728px, 2.733rem + ((1vw - 3.2px) * 3.274), 84px);line-height:1\">Discover the campsite <br\/>Le Hameau des Pins<\/p>\n\n\n\n<div class=\"wp-block-query is-layout-flow wp-block-query-is-layout-flow\"><ul class=\"wp-block-post-template is-layout-flow wp-block-post-template-is-layout-flow\"><li class=\"wp-block-post post-1996 page type-page status-publish has-post-thumbnail hentry\">\n\n<figure class=\"wp-block-image img-maillage\"><img decoding=\"async\" src=\"https:\/\/www.lehameaudespins.fr\/wp-content\/uploads\/sites\/6\/2026\/02\/activites-a-faire-la-crau-cta.jpg\" alt=\"things to do at la crau\"\/><\/figure>\n\n\n\n<p class=\"title-maillage has-base-2-color has-text-color has-link-color wp-elements-20d739e56bdb6b5aa982dbb0ccbba000\" style=\"font-size:clamp(15.197px, 0.95rem + ((1vw - 3.2px) * 0.634), 23px);text-transform:uppercase\">Surrounding activities<\/p>\n\n\n<a class=\"is-style-lien-cover wp-block-read-more\" href=\"https:\/\/www.lehameaudespins.fr\/en\/activities-to-do-la-crau\/\" target=\"_self\">Read more<span class=\"screen-reader-text\">: To do<\/span><\/a>\n<\/li><li class=\"wp-block-post post-2006 page type-page status-publish has-post-thumbnail hentry\">\n\n<figure class=\"wp-block-image img-maillage\"><img decoding=\"async\" src=\"https:\/\/www.lehameaudespins.fr\/wp-content\/uploads\/sites\/6\/2026\/02\/mobil-home-la-crau.jpg\" alt=\"mobile home la crau\"\/><\/figure>\n\n\n\n<p class=\"title-maillage has-base-2-color has-text-color has-link-color wp-elements-20d739e56bdb6b5aa982dbb0ccbba000\" style=\"font-size:clamp(15.197px, 0.95rem + ((1vw - 3.2px) * 0.634), 23px);text-transform:uppercase\">Rentals<\/p>\n\n\n<a class=\"is-style-lien-cover wp-block-read-more\" href=\"https:\/\/www.lehameaudespins.fr\/en\/mobile-home-rental-la-crau\/\" target=\"_self\">Read more<span class=\"screen-reader-text\">: Our accommodations<\/span><\/a>\n<\/li><li class=\"wp-block-post post-2004 page type-page status-publish has-post-thumbnail hentry\">\n\n<figure class=\"wp-block-image img-maillage\"><img decoding=\"async\" src=\"https:\/\/www.lehameaudespins.fr\/wp-content\/uploads\/sites\/6\/2026\/02\/services-camping-familial-la-crau-dans-le-var-cta.jpg\" alt=\"family campsite services la crau in the var\"\/><\/figure>\n\n\n\n<p class=\"title-maillage has-base-2-color has-text-color has-link-color wp-elements-20d739e56bdb6b5aa982dbb0ccbba000\" style=\"font-size:clamp(15.197px, 0.95rem + ((1vw - 3.2px) * 0.634), 23px);text-transform:uppercase\">Services<\/p>\n\n\n<a class=\"is-style-lien-cover wp-block-read-more\" href=\"https:\/\/www.lehameaudespins.fr\/en\/family-campsite-la-crau\/\" target=\"_self\">Read more<span class=\"screen-reader-text\">: Our services<\/span><\/a>\n<\/li><\/ul><\/div>\n<\/section>\n","protected":false},"excerpt":{"rendered":"<p>Discover the Var and its must-see attractions Between sea, hills and picturesque villages, the Var reveals a diversity of landscapes among the most beautiful in Provence. Whether you&#8217;re planning a few days&#8217; getaway or a longer stay, there&#8217;s plenty to do in and around La Crau. The Var offers a wealth of unforgettable experiences to [&hellip;]<\/p>\n","protected":false},"author":1,"featured_media":1454,"parent":0,"menu_order":0,"comment_status":"closed","ping_status":"closed","template":"","meta":{"_seopress_robots_primary_cat":"","_seopress_titles_title":"Tourism Var | Visit, discover the Var","_seopress_titles_desc":"Tourism in the Var: discover beaches, Provencal villages, nature and must-see sites for a successful vacation.","_seopress_robots_index":"","inline_featured_image":false,"_gt_ctv_global_id":"","_gt_ctv_id_group":false,"gt_fse_maillage_image":"https:\/\/www.lehameaudespins.fr\/wp-content\/uploads\/sites\/6\/2026\/02\/tourisme-var-cta.jpg","gt_fse_maillage_titre":"Visiting the Var","gt_fse_maillage_alt":"var tourism","gt_fse_maillage_resume":"","footnotes":""},"categories":[],"tags":[],"class_list":["post-2018","page","type-page","status-publish","has-post-thumbnail","hentry"],"_links":{"self":[{"href":"https:\/\/www.lehameaudespins.fr\/en\/wp-json\/wp\/v2\/pages\/2018","targetHints":{"allow":["GET"]}}],"collection":[{"href":"https:\/\/www.lehameaudespins.fr\/en\/wp-json\/wp\/v2\/pages"}],"about":[{"href":"https:\/\/www.lehameaudespins.fr\/en\/wp-json\/wp\/v2\/types\/page"}],"author":[{"embeddable":true,"href":"https:\/\/www.lehameaudespins.fr\/en\/wp-json\/wp\/v2\/users\/1"}],"replies":[{"embeddable":true,"href":"https:\/\/www.lehameaudespins.fr\/en\/wp-json\/wp\/v2\/comments?post=2018"}],"version-history":[{"count":6,"href":"https:\/\/www.lehameaudespins.fr\/en\/wp-json\/wp\/v2\/pages\/2018\/revisions"}],"predecessor-version":[{"id":2263,"href":"https:\/\/www.lehameaudespins.fr\/en\/wp-json\/wp\/v2\/pages\/2018\/revisions\/2263"}],"wp:featuredmedia":[{"embeddable":true,"href":"https:\/\/www.lehameaudespins.fr\/en\/wp-json\/wp\/v2\/media\/1454"}],"wp:attachment":[{"href":"https:\/\/www.lehameaudespins.fr\/en\/wp-json\/wp\/v2\/media?parent=2018"}],"wp:term":[{"taxonomy":"category","embeddable":true,"href":"https:\/\/www.lehameaudespins.fr\/en\/wp-json\/wp\/v2\/categories?post=2018"},{"taxonomy":"post_tag","embeddable":true,"href":"https:\/\/www.lehameaudespins.fr\/en\/wp-json\/wp\/v2\/tags?post=2018"}],"curies":[{"name":"wp","href":"https:\/\/api.w.org\/{rel}","templated":true}]}}