{"id":1996,"date":"2026-01-23T15:39:26","date_gmt":"2026-01-23T14:39:26","guid":{"rendered":"https:\/\/www.lehameaudespins.fr\/activites-a-faire-la-crau\/"},"modified":"2026-02-27T10:44:53","modified_gmt":"2026-02-27T09:44:53","slug":"activities-to-do-la-crau","status":"publish","type":"page","link":"https:\/\/www.lehameaudespins.fr\/en\/activities-to-do-la-crau\/","title":{"rendered":"To do"},"content":{"rendered":"\n<section class=\"wp-block-group alignfull bienvenue page-one has-background has-global-padding is-layout-constrained wp-container-core-group-is-layout-2877fcb1 wp-block-group-is-layout-constrained\" style=\"border-radius:0px;background-color:rgba(255,255,255,1);margin-top:0px;margin-right:0px;margin-bottom:0px;margin-left:0px;padding-top:var(--wp--preset--spacing--60);padding-right:0px;padding-bottom:var(--wp--preset--spacing--60);padding-left:0px\">\n<div class=\"wp-block-columns is-layout-flex wp-container-core-columns-is-layout-6e7d8bb3 wp-block-columns-is-layout-flex\" style=\"margin-top:0;margin-bottom:0\">\n<div class=\"wp-block-column is-vertically-aligned-top is-layout-flow wp-block-column-is-layout-flow\" style=\"flex-basis:33%\">\n<div class=\"wp-block-group has-global-padding is-content-justification-left is-layout-constrained wp-container-core-group-is-layout-09a39926 wp-block-group-is-layout-constrained\" style=\"margin-top:0px;margin-right:0px;margin-bottom:0px;margin-left:3px\">\n<h1 class=\"wp-block-heading has-text-align-left full-width has-lt-remark-font-family has-custom-color-1-color has-text-color\" style=\"margin-top:0px;margin-right:0px;margin-bottom:0px;margin-left:0px;font-size:clamp(35.641px, 2.228rem + ((1vw - 3.2px) * 2.387), 65px);font-style:normal;font-weight:400;line-height:1.0\"><strong>Top things to do<\/strong> at La Crau<\/h1>\n\n\n\n<div class=\"wp-block-group is-layout-flow wp-block-group-is-layout-flow\" style=\"padding-top:1.5rem;padding-right:var(--wp--preset--spacing--40)\">\n<p class=\"has-text-align-left paragraph has-text-color has-lt-remark-font-family\" style=\"color:rgba(52,56,53,1);margin-top:0px;margin-right:0px;margin-bottom:0px;margin-left:0px;padding-top:0rem;padding-right:0;font-size:clamp(14px, 0.875rem + ((1vw - 3.2px) * 0.488), 20px);font-style:normal;font-weight:400;line-height:1.7\">La Crau is an ideal destination for making the most of <strong>tourism in the Var<\/strong>, combining nature, leisure, discovery and family fun. This dynamic commune offers a wide range of <strong>activities<\/strong> for <strong>young<\/strong> and <strong>old<\/strong> alike: outdoor walks, parks, cultural spaces, local visits&#8230; <\/p>\n\n\n\n<p class=\"has-text-align-left paragraph has-text-color has-lt-remark-font-family\" style=\"color:rgba(52,56,53,1);margin-top:0px;margin-right:0px;margin-bottom:0px;margin-left:0px;padding-top:0rem;padding-right:0;font-size:clamp(14px, 0.875rem + ((1vw - 3.2px) * 0.488), 20px);font-style:normal;font-weight:400;line-height:1.7\">Whether you&#8217;re looking for relaxation, sport or entertainment, you&#8217;ll easily find something to enrich your stay. La Crau is the perfect starting point for exploring the riches of the Var and enjoying a <strong>variety of experiences<\/strong> close to the <a href=\"https:\/\/www.lehameaudespins.fr\/en\/\">campsite in La Crau<\/a>. <\/p>\n<\/div>\n\n\n\n<p class=\"h2-like has-custom-color-2-color has-text-color has-link-color has-lt-remark-font-family wp-elements-4cb08e070f46b4a677855420e1e20452\" style=\"margin-top:0;margin-bottom:0;padding-top:var(--wp--preset--spacing--40);font-size:clamp(43.728px, 2.733rem + ((1vw - 3.2px) * 3.274), 84px);line-height:1\">It&#8217;s up to you!<\/p>\n<\/div>\n<\/div>\n\n\n\n<div class=\"wp-block-column is-vertically-aligned-center is-layout-flow wp-block-column-is-layout-flow\" style=\"flex-basis:33%\">\n<figure class=\"wp-block-image size-full is-resized has-custom-border animated fadeIn delay-200ms\"><img decoding=\"async\" width=\"683\" height=\"1024\" src=\"https:\/\/www.lehameaudespins.fr\/wp-content\/uploads\/sites\/6\/2026\/02\/le-top-des-activites-a-faire-a-la-crau-var.jpg\" alt=\"top things to do in la crau\" class=\"wp-image-1913\" style=\"border-top-left-radius:292px;border-bottom-right-radius:292px;object-fit:cover;width:584px;height:964px\" srcset=\"https:\/\/www.lehameaudespins.fr\/wp-content\/uploads\/sites\/6\/2026\/02\/le-top-des-activites-a-faire-a-la-crau-var.jpg 683w, https:\/\/www.lehameaudespins.fr\/wp-content\/uploads\/sites\/6\/2026\/02\/le-top-des-activites-a-faire-a-la-crau-var-200x300.jpg 200w\" sizes=\"(max-width: 683px) 100vw, 683px\" \/><\/figure>\n<\/div>\n\n\n\n<div class=\"wp-block-column is-layout-flow wp-block-column-is-layout-flow\" style=\"flex-basis:33%\">\n<figure class=\"wp-block-image size-full is-resized has-custom-border animated fadeIn delay-100ms\"><img decoding=\"async\" width=\"768\" height=\"952\" src=\"https:\/\/www.lehameaudespins.fr\/wp-content\/uploads\/sites\/6\/2026\/02\/activites-pour-petits-et-grands.jpg\" alt=\"activities for young and old\" class=\"wp-image-1499\" style=\"border-top-left-radius:316px;border-bottom-right-radius:0px;object-fit:cover;width:630px;height:877px\" srcset=\"https:\/\/www.lehameaudespins.fr\/wp-content\/uploads\/sites\/6\/2026\/02\/activites-pour-petits-et-grands.jpg 768w, https:\/\/www.lehameaudespins.fr\/wp-content\/uploads\/sites\/6\/2026\/02\/activites-pour-petits-et-grands-242x300.jpg 242w\" sizes=\"(max-width: 768px) 100vw, 768px\" \/><\/figure>\n<\/div>\n<\/div>\n<\/section>\n\n<section class=\"wp-block-group piscine page-two is-layout-flow wp-block-group-is-layout-flow\" style=\"padding-top:var(--wp--preset--spacing--60);padding-bottom:var(--wp--preset--spacing--60)\">\n<div class=\"wp-block-columns is-layout-flex wp-container-core-columns-is-layout-28f84493 wp-block-columns-is-layout-flex\">\n<div class=\"wp-block-column is-layout-flow wp-block-column-is-layout-flow\">\n<div class=\"wp-block-group right animated fadeIn delay-200ms has-custom-color-4-background-color has-background is-layout-flow wp-block-group-is-layout-flow\" style=\"border-top-right-radius:366px;border-bottom-left-radius:366px;padding-top:7rem;padding-right:7rem;padding-bottom:7rem;padding-left:7rem\">\n<h2 class=\"wp-block-heading\" style=\"border-bottom-color:var(--wp--preset--color--custom-color-1);border-bottom-width:1px;padding-bottom:var(--wp--preset--spacing--20);line-height:1.1\"><strong>Activities<\/strong> <br\/>for your children<\/h2>\n\n\n\n<div class=\"wp-block-group is-layout-flow wp-block-group-is-layout-flow\">\n<p>For a fun-filled vacation <strong>at La Crau<\/strong>, there&#8217;s no shortage of activities for children in the Var.<\/p>\n\n\n\n<p>Nearby adventure parks, mini-golfs, fun courses and playgrounds offer safe fun. The Var&#8217;s animal parks, educational farms and aquatic attractions give youngsters the chance to marvel and let off steam. <\/p>\n\n\n\n<p>From <strong>playgrounds<\/strong> to creative activities, every day can be a new adventure. Thanks to this <strong>diversity<\/strong>, families can easily find something to occupy their children during a stay in Provence. <\/p>\n\n\n\n<p style=\"margin-bottom:0px\">Discover the activities just 10 minutes from the campsite:<\/p>\n\n\n\n<ul style=\"margin-top:0px;padding-left:var(--wp--preset--spacing--30)\" class=\"wp-block-list\">\n<li>Kiddy parc adventure park in Hy\u00e8res by day<\/li>\n\n\n\n<li>Magic World, theme park in Hy\u00e8res by night<\/li>\n\n\n\n<li>Accrobranche de la castille \u00e0 la Crau<\/li>\n\n\n\n<li>Speedkart hyeres<\/li>\n<\/ul>\n<\/div>\n<\/div>\n<\/div>\n\n\n\n<div class=\"wp-block-column is-layout-flow wp-block-column-is-layout-flow\">\n<figure class=\"wp-block-image size-large\"><img decoding=\"async\" width=\"250\" height=\"171\" src=\"http:\/\/www.lehameaudespins.fr\/wp-content\/uploads\/sites\/6\/2026\/01\/Pin-1.svg\" alt=\"Pine (1)\" class=\"wp-image-52\"\/><\/figure>\n<\/div>\n<\/div>\n\n\n\n<div data-swiper=\"{&quot;speed&quot;:1000,&quot;autoplay&quot;:{&quot;delay&quot;:5000,&quot;disableOnInteraction&quot;:false},&quot;spaceBetween&quot;:0,&quot;slidesPerView&quot;:1,&quot;pagination&quot;:{&quot;el&quot;:&quot;.swiper-pagination&quot;,&quot;dynamicBullets&quot;:true,&quot;clickable&quot;:true,&quot;type&quot;:&quot;bullets&quot;},&quot;navigation&quot;:{&quot;nextEl&quot;:&quot;.swiper-button-next&quot;,&quot;prevEl&quot;:&quot;.swiper-button-prev&quot;},&quot;breakpoints&quot;:[{&quot;slidesPerView&quot;:1}]}\" class=\"wp-block-cover has-parallax\" style=\"min-height:934px;aspect-ratio:unset;\"><div role=\"img\" aria-label=\"les activites pour vos enfants\" class=\"wp-block-cover__image-background wp-image-1504 size-full has-parallax\" style=\"background-position:50% 50%;background-image:url(https:\/\/www.lehameaudespins.fr\/wp-content\/uploads\/sites\/6\/2026\/02\/les-activites-pour-vos-enfants.jpg)\"><\/div><span aria-hidden=\"true\" class=\"wp-block-cover__background has-background-dim-0 has-background-dim\" style=\"background-color:#596338\"><\/span><div class=\"wp-block-cover__inner-container has-global-padding is-layout-constrained wp-block-cover-is-layout-constrained\">\n<p class=\"has-text-align-center has-large-font-size\"><\/p>\n<\/div><\/div>\n<\/section>\n\n<section class=\"wp-block-group faq page-three is-layout-flow wp-block-group-is-layout-flow\" style=\"padding-top:0;padding-right:var(--wp--preset--spacing--50);padding-bottom:var(--wp--preset--spacing--60);padding-left:var(--wp--preset--spacing--50)\">\n<div class=\"wp-block-columns is-layout-flex wp-container-core-columns-is-layout-7fc3d43a wp-block-columns-is-layout-flex\">\n<div class=\"wp-block-column is-vertically-aligned-center is-layout-flow wp-block-column-is-layout-flow\">\n<h2 class=\"wp-block-heading page-three\" style=\"border-bottom-color:var(--wp--preset--color--custom-color-1);border-bottom-width:1px;padding-bottom:var(--wp--preset--spacing--20)\"><strong>Family activities<\/strong> <br\/>in the Var<\/h2>\n\n\n\n<div class=\"wp-block-group is-layout-flow wp-block-group-is-layout-flow\" style=\"padding-top:var(--wp--preset--spacing--20)\">\n<p style=\"padding-top:0\">The Var is a must-see destination for <strong>family-friendly experiences<\/strong>.<\/p>\n\n\n\n<p style=\"padding-top:0\">Around La Crau, enjoy a wide choice of activities: visits to animal parks, walks in the <a href=\"https:\/\/www.visitvar.fr\/decouvrir\/paysages\/massifs-maures-esterel-sainte-baume\/massif-maures\" target=\"_blank\" rel=\"noreferrer noopener nofollow\">Massif des Maures<\/a>, boat trips, accrobranches, mini-golfs, or even days at amusement parks.<\/p>\n\n\n\n<p style=\"padding-top:0\">The family beaches of the Var coastline also offer pleasant moments of relaxation and play. For successful <strong>tourism at La Crau<\/strong>, families can alternate nature discoveries, educational leisure activities and playful adventures accessible to all. <\/p>\n\n\n\n<p style=\"padding-top:0\">With its wide range of activities, the Var guarantees a holiday full of memories, whatever the age of the children.<\/p>\n\n\n\n<p style=\"margin-bottom:0px;padding-top:0\">Don&#8217;t miss :<\/p>\n\n\n\n<ul style=\"margin-top:0px;padding-left:var(--wp--preset--spacing--30)\" class=\"wp-block-list\">\n<li>Jardin zoologique de la Londe les maures (15min from campsite)<\/li>\n\n\n\n<li>Aqualand St Cyr (35min from campsite)<\/li>\n<\/ul>\n<\/div>\n<\/div>\n\n\n\n<div class=\"wp-block-column right is-layout-flow wp-block-column-is-layout-flow\">\n<div data-swiper=\"{&quot;speed&quot;:400,&quot;spaceBetween&quot;:50,&quot;slidesPerView&quot;:1,&quot;createElements&quot;:true,&quot;loop&quot;:true,&quot;freemode&quot;:true,&quot;pagination&quot;:{&quot;el&quot;:&quot;.swiper-pagination&quot;,&quot;dynamicBullets&quot;:true},&quot;breakpoints&quot;:[{&quot;slidesPerView&quot;:1}],&quot;navigation&quot;:false,&quot;autoplay&quot;:{&quot;delay&quot;:3000}}\" class=\"wp-block-group gt-is-slider gt-is-slider-desktop is-layout-flow wp-block-group-is-layout-flow\">\n<figure class=\"wp-block-image size-full has-custom-border\"><img decoding=\"async\" width=\"1000\" height=\"667\" src=\"https:\/\/www.lehameaudespins.fr\/wp-content\/uploads\/sites\/6\/2026\/02\/les-activites-familiales-dans-le-var.jpg\" alt=\"family activities in the var\" class=\"wp-image-1509\" style=\"border-top-left-radius:290px;border-bottom-right-radius:290px\" srcset=\"https:\/\/www.lehameaudespins.fr\/wp-content\/uploads\/sites\/6\/2026\/02\/les-activites-familiales-dans-le-var.jpg 1000w, https:\/\/www.lehameaudespins.fr\/wp-content\/uploads\/sites\/6\/2026\/02\/les-activites-familiales-dans-le-var-300x200.jpg 300w, https:\/\/www.lehameaudespins.fr\/wp-content\/uploads\/sites\/6\/2026\/02\/les-activites-familiales-dans-le-var-768x512.jpg 768w\" sizes=\"(max-width: 1000px) 100vw, 1000px\" \/><\/figure>\n\n\n\n<figure class=\"wp-block-image size-full has-custom-border\"><img decoding=\"async\" width=\"1000\" height=\"677\" src=\"https:\/\/www.lehameaudespins.fr\/wp-content\/uploads\/sites\/6\/2026\/02\/mini-golf-en-famille-var.jpg\" alt=\"family mini golf\" class=\"wp-image-1915\" style=\"border-top-left-radius:290px;border-bottom-right-radius:290px\" srcset=\"https:\/\/www.lehameaudespins.fr\/wp-content\/uploads\/sites\/6\/2026\/02\/mini-golf-en-famille-var.jpg 1000w, https:\/\/www.lehameaudespins.fr\/wp-content\/uploads\/sites\/6\/2026\/02\/mini-golf-en-famille-var-300x203.jpg 300w, https:\/\/www.lehameaudespins.fr\/wp-content\/uploads\/sites\/6\/2026\/02\/mini-golf-en-famille-var-768x520.jpg 768w\" sizes=\"(max-width: 1000px) 100vw, 1000px\" \/><\/figure>\n\n\n\n<figure class=\"wp-block-image size-full has-custom-border\"><img decoding=\"async\" width=\"1000\" height=\"667\" src=\"https:\/\/www.lehameaudespins.fr\/wp-content\/uploads\/sites\/6\/2026\/02\/les-plages-familiales-du-littoral.jpg\" alt=\"family beaches along the coast\" class=\"wp-image-1520\" style=\"border-top-left-radius:290px;border-bottom-right-radius:290px\" srcset=\"https:\/\/www.lehameaudespins.fr\/wp-content\/uploads\/sites\/6\/2026\/02\/les-plages-familiales-du-littoral.jpg 1000w, https:\/\/www.lehameaudespins.fr\/wp-content\/uploads\/sites\/6\/2026\/02\/les-plages-familiales-du-littoral-300x200.jpg 300w, https:\/\/www.lehameaudespins.fr\/wp-content\/uploads\/sites\/6\/2026\/02\/les-plages-familiales-du-littoral-768x512.jpg 768w\" sizes=\"(max-width: 1000px) 100vw, 1000px\" \/><\/figure>\n<\/div>\n<\/div>\n<\/div>\n<\/section>\n\n<section class=\"wp-block-group avis page-four is-layout-flow wp-block-group-is-layout-flow\">\n<div data-swiper=\"{&quot;speed&quot;:1000,&quot;autoplay&quot;:{&quot;delay&quot;:5000,&quot;disableOnInteraction&quot;:false},&quot;spaceBetween&quot;:0,&quot;slidesPerView&quot;:1,&quot;pagination&quot;:{&quot;el&quot;:&quot;.swiper-pagination&quot;,&quot;dynamicBullets&quot;:true,&quot;clickable&quot;:true,&quot;type&quot;:&quot;bullets&quot;},&quot;navigation&quot;:{&quot;nextEl&quot;:&quot;.swiper-button-next&quot;,&quot;prevEl&quot;:&quot;.swiper-button-prev&quot;},&quot;breakpoints&quot;:[{&quot;slidesPerView&quot;:1}]}\" class=\"wp-block-cover is-light\"><img decoding=\"async\" width=\"2000\" height=\"1288\" class=\"wp-block-cover__image-background wp-image-1525 size-full\" alt=\"les activites sportives\" src=\"https:\/\/www.lehameaudespins.fr\/wp-content\/uploads\/sites\/6\/2026\/02\/les-activites-sportives.jpg\" data-object-fit=\"cover\" srcset=\"https:\/\/www.lehameaudespins.fr\/wp-content\/uploads\/sites\/6\/2026\/02\/les-activites-sportives.jpg 2000w, https:\/\/www.lehameaudespins.fr\/wp-content\/uploads\/sites\/6\/2026\/02\/les-activites-sportives-300x193.jpg 300w, https:\/\/www.lehameaudespins.fr\/wp-content\/uploads\/sites\/6\/2026\/02\/les-activites-sportives-1024x659.jpg 1024w, https:\/\/www.lehameaudespins.fr\/wp-content\/uploads\/sites\/6\/2026\/02\/les-activites-sportives-768x495.jpg 768w, https:\/\/www.lehameaudespins.fr\/wp-content\/uploads\/sites\/6\/2026\/02\/les-activites-sportives-1536x989.jpg 1536w\" sizes=\"(max-width: 2000px) 100vw, 2000px\" \/><span aria-hidden=\"true\" class=\"wp-block-cover__background has-background-dim-0 has-background-dim\"><\/span><div class=\"wp-block-cover__inner-container has-global-padding is-layout-constrained wp-block-cover-is-layout-constrained\">\n<div class=\"wp-block-columns is-layout-flex wp-container-core-columns-is-layout-28f84493 wp-block-columns-is-layout-flex\">\n<div class=\"wp-block-column is-layout-flow wp-block-column-is-layout-flow\"><\/div>\n\n\n\n<div class=\"wp-block-column is-layout-flow wp-block-column-is-layout-flow\">\n<div class=\"wp-block-group left animated fadeIn delay-200ms has-custom-color-1-background-color has-background has-global-padding is-layout-constrained wp-block-group-is-layout-constrained\" style=\"border-top-left-radius:290px;border-bottom-right-radius:290px\">\n<h2 class=\"wp-block-heading has-base-2-color has-text-color has-link-color wp-elements-82cb3fae8075843ef4e9f32db9996e53\" style=\"border-bottom-color:var(--wp--preset--color--base-2);border-bottom-width:1px;padding-bottom:var(--wp--preset--spacing--20)\"><strong>Sports<\/strong> activities<\/h2>\n\n\n\n<div class=\"wp-block-group is-layout-flow wp-block-group-is-layout-flow\">\n<p class=\"has-base-color has-text-color has-link-color wp-elements-2236d45c16b0e76aef56a584c7873ba0\">The Var is an exceptional playground for thrill-seekers and active leisure enthusiasts. From La Crau, you can enjoy <a href=\"https:\/\/www.visitvar.com\/what-to-do\/nature-activities-and-outings\/hiking\">hiking<\/a>, <strong>mountain biking<\/strong>, <strong>trail<\/strong> biking, <strong>horse riding<\/strong> or <strong>water sports<\/strong> on the coast. Tennis, paddle tennis, climbing and adventure courses are also on offer. <strong>Tourism at La Crau<\/strong> is equally suited to beginners and experienced sportsmen and women, thanks to the diversity of its landscapes: sea, hills, forests and the relief of the Massif des Maures. Whether you&#8217;re a beginner or an expert, the Var is the perfect place to enjoy intense, rejuvenating sports activities in the heart of nature.    <\/p>\n\n\n\n<p class=\"has-base-color has-text-color has-link-color wp-elements-532db67c7e8a083737782df8a2dcd112\" style=\"margin-bottom:0px\">Discover also :<\/p>\n\n\n\n<ul style=\"margin-top:0px;padding-left:var(--wp--preset--spacing--30)\" class=\"wp-block-list has-base-2-color has-text-color has-link-color wp-elements-b762448a72c97cc9a4fc13cdad4d72cd\">\n<li>Tour of the Giens peninsula<\/li>\n\n\n\n<li>Coastal path from La Londe to Fort de Br\u00e9gan\u00e7on along beaches such as Pellegrin and Plage de l&#8217;Espagnol<\/li>\n\n\n\n<li>Riding at the Pony Club de la Crau<\/li>\n\n\n\n<li>Kitesurf or wingfoil at MF Kite in Hy\u00e8res, 10 mins from the campsite<\/li>\n\n\n\n<li>Plong\u00e9 sous-marine chez Ulysse plong\u00e9e \u00e0 Hy\u00e8res<\/li>\n\n\n\n<li>Kayak trip<\/li>\n<\/ul>\n\n\n\n<p class=\"has-base-color has-text-color has-link-color wp-elements-3f48ecce21477506f715e40ef373b885\">The campsite offers a bike delivery service directly to the campsite.<\/p>\n<\/div>\n<\/div>\n<\/div>\n<\/div>\n<\/div><\/div>\n<\/section>\n\n<section class=\"wp-block-group page-maillage has-global-padding is-layout-constrained wp-block-group-is-layout-constrained\" style=\"padding-top:var(--wp--preset--spacing--40);padding-bottom:var(--wp--preset--spacing--60)\">\n<p class=\"h2-like has-custom-color-1-color has-text-color has-link-color has-lt-remark-font-family wp-elements-27acf42f99ba81d6bd2fa3024e9e5939\" style=\"margin-top:0;margin-bottom:0;padding-top:var(--wp--preset--spacing--40);padding-bottom:var(--wp--preset--spacing--40);font-size:clamp(43.728px, 2.733rem + ((1vw - 3.2px) * 3.274), 84px);line-height:1\">Discover the campsite <br\/>Le Hameau des Pins<\/p>\n\n\n\n<div class=\"wp-block-query is-layout-flow wp-block-query-is-layout-flow\"><ul class=\"wp-block-post-template is-layout-flow wp-block-post-template-is-layout-flow\"><li class=\"wp-block-post post-2018 page type-page status-publish has-post-thumbnail hentry\">\n\n<figure class=\"wp-block-image img-maillage\"><img decoding=\"async\" src=\"https:\/\/www.lehameaudespins.fr\/wp-content\/uploads\/sites\/6\/2026\/02\/tourisme-var-cta.jpg\" alt=\"var tourism\"\/><\/figure>\n\n\n\n<p class=\"title-maillage has-base-2-color has-text-color has-link-color wp-elements-20d739e56bdb6b5aa982dbb0ccbba000\" style=\"font-size:clamp(15.197px, 0.95rem + ((1vw - 3.2px) * 0.634), 23px);text-transform:uppercase\">Visiting the Var<\/p>\n\n\n<a class=\"is-style-lien-cover wp-block-read-more\" href=\"https:\/\/www.lehameaudespins.fr\/en\/var-tourism\/\" target=\"_self\">Read more<span class=\"screen-reader-text\">: What to see<\/span><\/a>\n<\/li><li class=\"wp-block-post post-2006 page type-page status-publish has-post-thumbnail hentry\">\n\n<figure class=\"wp-block-image img-maillage\"><img decoding=\"async\" src=\"https:\/\/www.lehameaudespins.fr\/wp-content\/uploads\/sites\/6\/2026\/02\/mobil-home-la-crau.jpg\" alt=\"mobile home la crau\"\/><\/figure>\n\n\n\n<p class=\"title-maillage has-base-2-color has-text-color has-link-color wp-elements-20d739e56bdb6b5aa982dbb0ccbba000\" style=\"font-size:clamp(15.197px, 0.95rem + ((1vw - 3.2px) * 0.634), 23px);text-transform:uppercase\">Rentals<\/p>\n\n\n<a class=\"is-style-lien-cover wp-block-read-more\" href=\"https:\/\/www.lehameaudespins.fr\/en\/mobile-home-rental-la-crau\/\" target=\"_self\">Read more<span class=\"screen-reader-text\">: Our accommodations<\/span><\/a>\n<\/li><li class=\"wp-block-post post-2021 page type-page status-publish has-post-thumbnail hentry\">\n\n<figure class=\"wp-block-image img-maillage\"><img decoding=\"async\" src=\"https:\/\/www.lehameaudespins.fr\/wp-content\/uploads\/sites\/6\/2026\/02\/saut-piscine.jpg\" alt=\"swimming pool jump\"\/><\/figure>\n\n\n\n<p class=\"title-maillage has-base-2-color has-text-color has-link-color wp-elements-20d739e56bdb6b5aa982dbb0ccbba000\" style=\"font-size:clamp(15.197px, 0.95rem + ((1vw - 3.2px) * 0.634), 23px);text-transform:uppercase\">Swimming pool<\/p>\n\n\n<a class=\"is-style-lien-cover wp-block-read-more\" href=\"https:\/\/www.lehameaudespins.fr\/en\/campsite-swimming-pool-la-crau\/\" target=\"_self\">Read more<span class=\"screen-reader-text\">: Swimming pool<\/span><\/a>\n<\/li><\/ul><\/div>\n<\/section>\n","protected":false},"excerpt":{"rendered":"<p>Top things to do at La Crau La Crau is an ideal destination for making the most of tourism in the Var, combining nature, leisure, discovery and family fun. This dynamic commune offers a wide range of activities for young and old alike: outdoor walks, parks, cultural spaces, local visits&#8230; Whether you&#8217;re looking for relaxation, [&hellip;]<\/p>\n","protected":false},"author":1,"featured_media":1491,"parent":0,"menu_order":0,"comment_status":"closed","ping_status":"closed","template":"","meta":{"_seopress_robots_primary_cat":"","_seopress_titles_title":"Things to do at La Crau | Family and sports activities Var","_seopress_titles_desc":"Things to do at La Crau: walks, nature, discoveries and leisure activities in the Var for an active and successful vacation.","_seopress_robots_index":"","inline_featured_image":false,"_gt_ctv_global_id":"","_gt_ctv_id_group":false,"gt_fse_maillage_image":"https:\/\/www.lehameaudespins.fr\/wp-content\/uploads\/sites\/6\/2026\/02\/activites-a-faire-la-crau-cta.jpg","gt_fse_maillage_titre":"Surrounding activities","gt_fse_maillage_alt":"things to do at la crau","gt_fse_maillage_resume":"","footnotes":""},"categories":[],"tags":[],"class_list":["post-1996","page","type-page","status-publish","has-post-thumbnail","hentry"],"_links":{"self":[{"href":"https:\/\/www.lehameaudespins.fr\/en\/wp-json\/wp\/v2\/pages\/1996","targetHints":{"allow":["GET"]}}],"collection":[{"href":"https:\/\/www.lehameaudespins.fr\/en\/wp-json\/wp\/v2\/pages"}],"about":[{"href":"https:\/\/www.lehameaudespins.fr\/en\/wp-json\/wp\/v2\/types\/page"}],"author":[{"embeddable":true,"href":"https:\/\/www.lehameaudespins.fr\/en\/wp-json\/wp\/v2\/users\/1"}],"replies":[{"embeddable":true,"href":"https:\/\/www.lehameaudespins.fr\/en\/wp-json\/wp\/v2\/comments?post=1996"}],"version-history":[{"count":4,"href":"https:\/\/www.lehameaudespins.fr\/en\/wp-json\/wp\/v2\/pages\/1996\/revisions"}],"predecessor-version":[{"id":2173,"href":"https:\/\/www.lehameaudespins.fr\/en\/wp-json\/wp\/v2\/pages\/1996\/revisions\/2173"}],"wp:featuredmedia":[{"embeddable":true,"href":"https:\/\/www.lehameaudespins.fr\/en\/wp-json\/wp\/v2\/media\/1491"}],"wp:attachment":[{"href":"https:\/\/www.lehameaudespins.fr\/en\/wp-json\/wp\/v2\/media?parent=1996"}],"wp:term":[{"taxonomy":"category","embeddable":true,"href":"https:\/\/www.lehameaudespins.fr\/en\/wp-json\/wp\/v2\/categories?post=1996"},{"taxonomy":"post_tag","embeddable":true,"href":"https:\/\/www.lehameaudespins.fr\/en\/wp-json\/wp\/v2\/tags?post=1996"}],"curies":[{"name":"wp","href":"https:\/\/api.w.org\/{rel}","templated":true}]}}